{"id":84,"date":"2023-02-16T12:44:08","date_gmt":"2023-02-16T15:44:08","guid":{"rendered":"https:\/\/agenciawebarts.com\/rotaacs\/?page_id=84"},"modified":"2025-03-09T20:44:02","modified_gmt":"2025-03-09T23:44:02","slug":"ijui","status":"publish","type":"page","link":"https:\/\/rotaacs.com.br\/ijui\/","title":{"rendered":"Iju\u00ed"},"content":{"rendered":"<div id=\"dslc-main\">\r\n\t\t<div  class=\"dslc-modules-section \" style=\"background-image:url(https:\/\/rotaacs.com.br\/ijui\/wp-content\/uploads\/sites\/8\/2023\/05\/bg_top.png);background-position:center bottom;\" data-section-id=\"fd1d3f4e9ae\">\r\n\t\t\t\t\r\n\t\t\t\t\r\n\t\t\t\t<div class=\"dslc-modules-section-wrapper dslc-clearfix\"><div class=\"dslc-modules-area dslc-col dslc-12-col dslc-last-col dslc-valign- \" data-size=\"12\" data-valign=\"\">\n\t\t<div id=\"dslc-module-852aad14b38\" class=\"dslc-module-front dslc-module-DSLC_Separator dslc-in-viewport-check dslc-in-viewport-anim-none  dslc-col dslc-12-col dslc-last-col  dslc-module-handle-like-regular \" data-module-id=\"852aad14b38\" data-module=\"DSLC_Separator\" data-dslc-module-size=\"12\" data-dslc-anim=\"none\" data-dslc-anim-delay=\"\" data-dslc-anim-duration=\"650\"  data-dslc-anim-easing=\"ease\" data-dslc-preset=\"none\" >\n\n\t\t\t\n\t\t\t\n\t\t\t\t\t<div class=\"dslc-separator-wrapper\">\r\n\t\t\t\t<div class=\"dslc-separator dslc-separator-style-invisible\">\r\n\t\t\t\t\t\t\t\t\t<\/div>\r\n\t\t\t\t<div><\/div>\r\n\t\t\t<\/div><!-- .dslc-separator-wrapper -->\r\n\t\t\t\n\t\t\t\t<\/div><!-- .dslc-module -->\n\t\t\n\t\t<div id=\"dslc-module-c9d8a1b016f\" class=\"dslc-module-front dslc-module-DSLC_TP_Title dslc-in-viewport-check dslc-in-viewport-anim-none  dslc-col dslc-12-col dslc-last-col  dslc-module-handle-like-regular \" data-module-id=\"c9d8a1b016f\" data-module=\"DSLC_TP_Title\" data-dslc-module-size=\"12\" data-dslc-anim=\"none\" data-dslc-anim-delay=\"\" data-dslc-anim-duration=\"650\"  data-dslc-anim-easing=\"ease\" data-dslc-preset=\"none\" >\n\n\t\t\t\n\t\t\t\n\t\t\r\n\t<div class=\"dslc-tp-title\">\r\n\t\t\t\t\t<div class=\"dslc-tp-title\"><h1>Esta\u00e7\u00e3o Rodovi\u00e1ria de Iju\u00ed<\/h1><\/div>\r\n\t\t\t<\/div>\r\n\r\n\t\n\t\t\t\t<\/div><!-- .dslc-module -->\n\t\t<\/div><\/div><\/div>\r\n\t\t<div  class=\"dslc-modules-section \" style=\"\" data-section-id=\"5ad5bf29769\">\r\n\t\t\t\t\r\n\t\t\t\t\r\n\t\t\t\t<div class=\"dslc-modules-section-wrapper dslc-clearfix\"><div class=\"dslc-modules-area dslc-col dslc-8-col dslc-first-col dslc-valign- \" data-size=\"8\" data-valign=\"\">\n\t\t<div id=\"dslc-module-c0482c4f712\" class=\"dslc-module-front dslc-module-DSLC_TP_Project_Slider dslc-in-viewport-check dslc-in-viewport-anim-none  dslc-col dslc-12-col dslc-last-col  dslc-module-handle-like-regular \" data-module-id=\"c0482c4f712\" data-module=\"DSLC_TP_Project_Slider\" data-dslc-module-size=\"12\" data-dslc-anim=\"none\" data-dslc-anim-delay=\"\" data-dslc-anim-duration=\"650\"  data-dslc-anim-easing=\"ease\" data-dslc-preset=\"none\" >\n\n\t\t\t\n\t\t\t\n\t\t\n\t\t\t\t<\/div><!-- .dslc-module -->\n\t\t<\/div><div class=\"dslc-modules-area dslc-col dslc-4-col dslc-last-col dslc-valign- \" data-size=\"4\" data-valign=\"\">\n\t\t<div id=\"dslc-module-c64ebf8e280\" class=\"dslc-module-front dslc-module-DSLC_TP_Content dslc-in-viewport-check dslc-in-viewport-anim-none  dslc-col dslc-12-col dslc-last-col  dslc-module-handle-like-regular \" data-module-id=\"c64ebf8e280\" data-module=\"DSLC_TP_Content\" data-dslc-module-size=\"12\" data-dslc-anim=\"none\" data-dslc-anim-delay=\"\" data-dslc-anim-duration=\"650\"  data-dslc-anim-easing=\"ease\" data-dslc-preset=\"none\" >\n\n\t\t\t\n\t\t\t\n\t\t<div class=\"dslc-tp-content\"><div id=\"dslc-theme-content\"><div id=\"dslc-theme-content-inner\"><p>Endere\u00e7o: Km 01, RS-155 - Bairro Modelo<br \/>\nTelefone: (55) 3332-1555<\/p>\n<\/div><\/div><\/div>\n\t\t\t\t<\/div><!-- .dslc-module -->\n\t\t<\/div><\/div><\/div><\/div><input type=\"hidden\" id=\"dslca-post-data-thumb\" value=\"https:\/\/rotaacs.com.br\/ijui\/wp-content\/uploads\/sites\/8\/2023\/05\/ANUNCIO.png\" \/>","protected":false},"excerpt":{"rendered":"<p>Esta\u00e7\u00e3o Rodovi\u00e1ria de Iju\u00ed Endere\u00e7o: Km 01, RS-155 - Bairro Modelo Telefone: (55) 3332-1555<\/p>\n","protected":false},"author":1,"featured_media":812,"parent":0,"menu_order":0,"comment_status":"closed","ping_status":"closed","template":"","meta":{"footnotes":""},"class_list":["post-84","page","type-page","status-publish","has-post-thumbnail","hentry"],"_links":{"self":[{"href":"https:\/\/rotaacs.com.br\/ijui\/wp-json\/wp\/v2\/pages\/84","targetHints":{"allow":["GET"]}}],"collection":[{"href":"https:\/\/rotaacs.com.br\/ijui\/wp-json\/wp\/v2\/pages"}],"about":[{"href":"https:\/\/rotaacs.com.br\/ijui\/wp-json\/wp\/v2\/types\/page"}],"author":[{"embeddable":true,"href":"https:\/\/rotaacs.com.br\/ijui\/wp-json\/wp\/v2\/users\/1"}],"replies":[{"embeddable":true,"href":"https:\/\/rotaacs.com.br\/ijui\/wp-json\/wp\/v2\/comments?post=84"}],"version-history":[{"count":2,"href":"https:\/\/rotaacs.com.br\/ijui\/wp-json\/wp\/v2\/pages\/84\/revisions"}],"predecessor-version":[{"id":413,"href":"https:\/\/rotaacs.com.br\/ijui\/wp-json\/wp\/v2\/pages\/84\/revisions\/413"}],"wp:featuredmedia":[{"embeddable":true,"href":"https:\/\/rotaacs.com.br\/ijui\/wp-json\/wp\/v2\/media\/812"}],"wp:attachment":[{"href":"https:\/\/rotaacs.com.br\/ijui\/wp-json\/wp\/v2\/media?parent=84"}],"curies":[{"name":"wp","href":"https:\/\/api.w.org\/{rel}","templated":true}]}}