{"id":860,"date":"2025-03-27T11:22:01","date_gmt":"2025-03-27T14:22:01","guid":{"rendered":"https:\/\/rotaacs.com.br\/ijui\/?page_id=860"},"modified":"2025-03-27T11:22:01","modified_gmt":"2025-03-27T14:22:01","slug":"eventos","status":"publish","type":"page","link":"https:\/\/rotaacs.com.br\/ijui\/eventos\/","title":{"rendered":"Eventos"},"content":{"rendered":"<div id=\"dslc-main\">\r\n\t\t<div  class=\"dslc-modules-section \" style=\"background-image:url(https:\/\/rotaacs.com.br\/ijui\/wp-content\/uploads\/sites\/8\/2023\/05\/bg_top.png);background-position:center bottom;\" data-section-id=\"983fce2cd89\">\r\n\t\t\t\t\r\n\t\t\t\t\r\n\t\t\t\t<div class=\"dslc-modules-section-wrapper dslc-clearfix\"><div class=\"dslc-modules-area dslc-col dslc-12-col dslc-last-col dslc-valign- \" data-size=\"12\" data-valign=\"\">\n\t\t<div id=\"dslc-module-1148e3ba7e3\" class=\"dslc-module-front dslc-module-DSLC_Separator dslc-in-viewport-check dslc-in-viewport-anim-none  dslc-col dslc-12-col dslc-last-col  dslc-module-handle-like-regular \" data-module-id=\"1148e3ba7e3\" data-module=\"DSLC_Separator\" data-dslc-module-size=\"12\" data-dslc-anim=\"none\" data-dslc-anim-delay=\"\" data-dslc-anim-duration=\"650\"  data-dslc-anim-easing=\"ease\" data-dslc-preset=\"none\" >\n\n\t\t\t\n\t\t\t\n\t\t\t\t\t<div class=\"dslc-separator-wrapper\">\r\n\t\t\t\t<div class=\"dslc-separator dslc-separator-style-invisible\">\r\n\t\t\t\t\t\t\t\t\t<\/div>\r\n\t\t\t\t<div><\/div>\r\n\t\t\t<\/div><!-- .dslc-separator-wrapper -->\r\n\t\t\t\n\t\t\t\t<\/div><!-- .dslc-module -->\n\t\t\n\t\t<div id=\"dslc-module-0e4427078e9\" class=\"dslc-module-front dslc-module-DSLC_TP_Title dslc-in-viewport-check dslc-in-viewport-anim-none  dslc-col dslc-12-col dslc-last-col  dslc-module-handle-like-regular \" data-module-id=\"0e4427078e9\" data-module=\"DSLC_TP_Title\" data-dslc-module-size=\"12\" data-dslc-anim=\"none\" data-dslc-anim-delay=\"\" data-dslc-anim-duration=\"650\"  data-dslc-anim-easing=\"ease\" data-dslc-preset=\"none\" >\n\n\t\t\t\n\t\t\t\n\t\t\r\n\t<div class=\"dslc-tp-title\">\r\n\t\t\t\t\t<div class=\"dslc-tp-title\"><h1>Eventos<\/h1><\/div>\r\n\t\t\t<\/div>\r\n\r\n\t\n\t\t\t\t<\/div><!-- .dslc-module -->\n\t\t<\/div><\/div><\/div>\r\n\t\t<div  class=\"dslc-modules-section \" style=\"padding-bottom:20px;padding-top:20px;background-color:#ffffff;background-repeat:no-repeat;background-position:center top;background-size:contain;border-color:#f4f5f6;\" data-section-id=\"af483d6423e\">\r\n\t\t\t\t\r\n\t\t\t\t\r\n\t\t\t\t<div class=\"dslc-modules-section-wrapper dslc-clearfix\"><div class=\"dslc-modules-area dslc-col dslc-12-col dslc-last-col dslc-valign-undefined \" data-size=\"12\" data-valign=\"undefined\">\n\t\t<div id=\"dslc-module-bcf02bcb3bf\" class=\"dslc-module-front dslc-module-DSLC_Widgets dslc-in-viewport-check dslc-in-viewport-anim-none  dslc-col dslc-12-col dslc-last-col  dslc-module-handle-like-regular \" data-module-id=\"bcf02bcb3bf\" data-module=\"DSLC_Widgets\" data-dslc-module-size=\"12\" data-dslc-anim=\"none\" data-dslc-anim-delay=\"\" data-dslc-anim-duration=\"650\"  data-dslc-anim-easing=\"ease\" data-dslc-preset=\"none\" >\n\n\t\t\t\n\t\t\t\n\t\t\t\t\t<div class=\"dslc-widgets dslc-clearfix dslc-widgets-12-col\">\r\n\t\t\t\t<div class=\"dslc-widgets-wrap dslc-clearfix\">\r\n\t\t\t\t\t<div id=\"sc_calendar_widget-2\" class=\"dslc-widget dslc-col widget_sc_calendar_widget\"><div class=\"dslc-widget-wrap\"><div id=\"sc_calendar_wrap_widget\">\n\t<div id=\"sc_events_calendar_69db07a448edc\" class=\"sc_clearfix sc_events_calendar sc_large\">\n\t\t<div id=\"sc_events_calendar_head\" class=\"sc_clearfix\"><h2 id=\"sc_calendar_title\">abril 2026<\/h2><form id=\"sc_event_select\" class=\"sc_events_form\" method=\"POST\" action=\"#sc_events_calendar_69db07a448edf\">\n\n\t\t\t\t<label for=\"sc_month\" style=\"display:none\">M\u00eas<\/label>\n\t\t\t\t<select class=\"sc_month\" name=\"sc_month\" id=\"sc_month\">\n\t\t\t\t\t  <option value=\"1\" >janeiro<\/option>\n\n\t\t\t\t\t\n\t\t\t\t\t  <option value=\"2\" >fevereiro<\/option>\n\n\t\t\t\t\t\n\t\t\t\t\t  <option value=\"3\" >mar\u00e7o<\/option>\n\n\t\t\t\t\t\n\t\t\t\t\t  <option value=\"4\"  selected='selected'>abril<\/option>\n\n\t\t\t\t\t\n\t\t\t\t\t  <option value=\"5\" >maio<\/option>\n\n\t\t\t\t\t\n\t\t\t\t\t  <option value=\"6\" >junho<\/option>\n\n\t\t\t\t\t\n\t\t\t\t\t  <option value=\"7\" >julho<\/option>\n\n\t\t\t\t\t\n\t\t\t\t\t  <option value=\"8\" >agosto<\/option>\n\n\t\t\t\t\t\n\t\t\t\t\t  <option value=\"9\" >setembro<\/option>\n\n\t\t\t\t\t\n\t\t\t\t\t  <option value=\"10\" >outubro<\/option>\n\n\t\t\t\t\t\n\t\t\t\t\t  <option value=\"11\" >novembro<\/option>\n\n\t\t\t\t\t\n\t\t\t\t\t  <option value=\"12\" >dezembro<\/option>\n\n\t\t\t\t\t<\/select>\n\n\t\t\t\t<label for=\"sc_year\" style=\"display:none\">Ano<\/label>\n\t\t\t\t<select class=\"sc_year\" name=\"sc_year\" id=\"sc_year\">\n\t\t\t\t\t\t<option value=\"2025\" >2025<\/option>\n\n\t\t\t\t\t\n\t\t\t\t\t\t<option value=\"2026\"  selected='selected'>2026<\/option>\n\n\t\t\t\t\t\n\t\t\t\t\t\t<option value=\"2027\" >2027<\/option>\n\n\t\t\t\t\t\n\t\t\t\t\t\t<option value=\"2028\" >2028<\/option>\n\n\t\t\t\t\t\n\t\t\t\t\t\t<option value=\"2029\" >2029<\/option>\n\n\t\t\t\t\t\n\t\t\t\t\t\t<option value=\"2030\" >2030<\/option>\n\n\t\t\t\t\t<\/select>\n\n\t\t\t\t<label for=\"sc_event_category\" style=\"display:none\">Calend\u00e1rio<\/label>\n\t\t\t\t<select  name='sc_event_category' id='sc_event_category' class='postform'>\n\t<option value='-1' selected='selected'>Sem calend\u00e1rios<\/option>\n<\/select>\n\n\t\t\t\t<input type=\"submit\" id=\"sc_submit\" class=\"sc_calendar_submit\" value=\"Ir\">\n\t\t\t\t<input type=\"hidden\" name=\"action\" value=\"sc_load_calendar\">\n\t\t\t\t<input type=\"hidden\" name=\"category\" value=\"0\">\n\t\t\t\t<input type=\"hidden\" name=\"type\" value=\"month\">\n\t\t\t\t<input type=\"hidden\" name=\"sow\" value=\"0\">\n\t\t\t\t<input type=\"hidden\" name=\"sc_nonce\" value=\"043bd01720\">\n\n\t\t\t\t\n\t\t\t\t<input type=\"hidden\" name=\"sc_visitor_tz\" value=\"\">\n\t\t\t<\/form>\n\n\t\t\t\n\t<div id=\"sc_event_nav_wrap\">\n\t\t<form id=\"sc_event_nav_prev\" class=\"sc_events_form\" method=\"POST\" action=\"#sc_events_calendar_69db07a449072\">\n\t\t\t<input type=\"submit\" class=\"sc_calendar_submit\" name=\"sc_prev\" value=\"Anterior\">\n\t\t\t<input type=\"hidden\" name=\"sc_nonce\" value=\"043bd01720\">\n\t\t\t<input type=\"hidden\" name=\"display_time\" value=\"1772323200\">\n\t\t\t<input type=\"hidden\" name=\"type\" value=\"1772323200\">\n\t\t\t<input type=\"hidden\" name=\"action\" value=\"sc_load_calendar\">\n\t\t\t<input type=\"hidden\" name=\"sc_event_category\" value=\"0\">\n\t\t\t\t\t\t<input type=\"hidden\" name=\"type\" value=\"month\">\n\t\t\t<input type=\"hidden\" name=\"sow\" value=\"0\">\n\t\t\t<input type=\"hidden\" name=\"sc_visitor_tz\" value=\"\">\n\t\t<\/form>\n\t\t<form id=\"sc_event_nav_next\" class=\"sc_events_form\" method=\"POST\" action=\"#sc_events_calendar_69db07a44907e\">\n\t\t\t<input type=\"submit\" class=\"sc_calendar_submit\" name=\"sc_next\" value=\"Seguinte\">\n\t\t\t<input type=\"hidden\" name=\"sc_nonce\" value=\"043bd01720\">\n\t\t\t<input type=\"hidden\" name=\"display_time\" value=\"1777593600\">\n\t\t\t<input type=\"hidden\" name=\"action\" value=\"sc_load_calendar\">\n\t\t\t<input type=\"hidden\" name=\"sc_event_category\" value=\"0\">\n\t\t\t\t\t\t<input type=\"hidden\" name=\"type\" value=\"month\">\n\t\t\t<input type=\"hidden\" name=\"sow\" value=\"0\">\n\t\t\t<input type=\"hidden\" name=\"sc_visitor_tz\" value=\"\">\n\t\t<\/form>\n\t<\/div>\n\n\n\t\t<\/div><!--end #sc_events_calendar_head-->\n\n\t\t<div id=\"sc_calendar\">\n\t\t\t<table cellpadding=\"0\" cellspacing=\"0\" class=\"calendar sc-table\"><tr class=\"calendar-row\"><th class=\"calendar-day-head\">domingo<\/th><th class=\"calendar-day-head\">segunda-feira<\/th><th class=\"calendar-day-head\">ter\u00e7a-feira<\/th><th class=\"calendar-day-head\">quarta-feira<\/th><th class=\"calendar-day-head\">quinta-feira<\/th><th class=\"calendar-day-head\">sexta-feira<\/th><th class=\"calendar-day-head\">s\u00e1bado<\/th><\/tr><tr class=\"calendar-row\"><td class=\"calendar-day-np past\" valign=\"top\"><\/td><td class=\"calendar-day-np past\" valign=\"top\"><\/td><td class=\"calendar-day-np past\" valign=\"top\"><\/td><td class=\"calendar-day past day-1 month-4 year-2026\" valign=\"top\" ><div class=\"sc_day_div\"><div class=\"day-number day-1\">1<\/div><\/div><\/td><td class=\"calendar-day past day-2 month-4 year-2026\" valign=\"top\" ><div class=\"sc_day_div\"><div class=\"day-number day-2\">2<\/div><\/div><\/td><td class=\"calendar-day past day-3 month-4 year-2026\" valign=\"top\" ><div class=\"sc_day_div\"><div class=\"day-number day-3\">3<\/div><\/div><\/td><td class=\"calendar-day past day-4 month-4 year-2026\" valign=\"top\" ><div class=\"sc_day_div\"><div class=\"day-number day-4\">4<\/div><\/div><\/td><\/tr><tr class=\"calendar-row\"><td class=\"calendar-day past day-5 month-4 year-2026\" valign=\"top\" ><div class=\"sc_day_div\"><div class=\"day-number day-5\">5<\/div><\/div><\/td><td class=\"calendar-day past day-6 month-4 year-2026\" valign=\"top\" ><div class=\"sc_day_div\"><div class=\"day-number day-6\">6<\/div><\/div><\/td><td class=\"calendar-day past day-7 month-4 year-2026\" valign=\"top\" ><div class=\"sc_day_div\"><div class=\"day-number day-7\">7<\/div><\/div><\/td><td class=\"calendar-day past day-8 month-4 year-2026\" valign=\"top\" ><div class=\"sc_day_div\"><div class=\"day-number day-8\">8<\/div><\/div><\/td><td class=\"calendar-day past day-9 month-4 year-2026\" valign=\"top\" ><div class=\"sc_day_div\"><div class=\"day-number day-9\">9<\/div><\/div><\/td><td class=\"calendar-day past day-10 month-4 year-2026\" valign=\"top\" ><div class=\"sc_day_div\"><div class=\"day-number day-10\">10<\/div><\/div><\/td><td class=\"calendar-day past day-11 month-4 year-2026\" valign=\"top\" ><div class=\"sc_day_div\"><div class=\"day-number day-11\">11<\/div><\/div><\/td><\/tr><tr class=\"calendar-row\"><td class=\"calendar-day today day-12 month-4 year-2026\" valign=\"top\" ><div class=\"sc_day_div\"><div class=\"day-number day-12\">12<\/div><\/div><\/td><td class=\"calendar-day upcoming day-13 month-4 year-2026\" valign=\"top\" ><div class=\"sc_day_div\"><div class=\"day-number day-13\">13<\/div><\/div><\/td><td class=\"calendar-day upcoming day-14 month-4 year-2026\" valign=\"top\" ><div class=\"sc_day_div\"><div class=\"day-number day-14\">14<\/div><\/div><\/td><td class=\"calendar-day upcoming day-15 month-4 year-2026\" valign=\"top\" ><div class=\"sc_day_div\"><div class=\"day-number day-15\">15<\/div><\/div><\/td><td class=\"calendar-day upcoming day-16 month-4 year-2026\" valign=\"top\" ><div class=\"sc_day_div\"><div class=\"day-number day-16\">16<\/div><\/div><\/td><td class=\"calendar-day upcoming day-17 month-4 year-2026\" valign=\"top\" ><div class=\"sc_day_div\"><div class=\"day-number day-17\">17<\/div><\/div><\/td><td class=\"calendar-day upcoming day-18 month-4 year-2026\" valign=\"top\" ><div class=\"sc_day_div\"><div class=\"day-number day-18\">18<\/div><\/div><\/td><\/tr><tr class=\"calendar-row\"><td class=\"calendar-day upcoming day-19 month-4 year-2026\" valign=\"top\" ><div class=\"sc_day_div\"><div class=\"day-number day-19\">19<\/div><\/div><\/td><td class=\"calendar-day upcoming day-20 month-4 year-2026\" valign=\"top\" ><div class=\"sc_day_div\"><div class=\"day-number day-20\">20<\/div><\/div><\/td><td class=\"calendar-day upcoming day-21 month-4 year-2026\" valign=\"top\" ><div class=\"sc_day_div\"><div class=\"day-number day-21\">21<\/div><\/div><\/td><td class=\"calendar-day upcoming day-22 month-4 year-2026\" valign=\"top\" ><div class=\"sc_day_div\"><div class=\"day-number day-22\">22<\/div><\/div><\/td><td class=\"calendar-day upcoming day-23 month-4 year-2026\" valign=\"top\" ><div class=\"sc_day_div\"><div class=\"day-number day-23\">23<\/div><\/div><\/td><td class=\"calendar-day upcoming day-24 month-4 year-2026\" valign=\"top\" ><div class=\"sc_day_div\"><div class=\"day-number day-24\">24<\/div><\/div><\/td><td class=\"calendar-day upcoming day-25 month-4 year-2026\" valign=\"top\" ><div class=\"sc_day_div\"><div class=\"day-number day-25\">25<\/div><\/div><\/td><\/tr><tr class=\"calendar-row\"><td class=\"calendar-day upcoming day-26 month-4 year-2026\" valign=\"top\" ><div class=\"sc_day_div\"><div class=\"day-number day-26\">26<\/div><\/div><\/td><td class=\"calendar-day upcoming day-27 month-4 year-2026\" valign=\"top\" ><div class=\"sc_day_div\"><div class=\"day-number day-27\">27<\/div><\/div><\/td><td class=\"calendar-day upcoming day-28 month-4 year-2026\" valign=\"top\" ><div class=\"sc_day_div\"><div class=\"day-number day-28\">28<\/div><\/div><\/td><td class=\"calendar-day upcoming day-29 month-4 year-2026\" valign=\"top\" ><div class=\"sc_day_div\"><div class=\"day-number day-29\">29<\/div><\/div><\/td><td class=\"calendar-day upcoming day-30 month-4 year-2026\" valign=\"top\" ><div class=\"sc_day_div\"><div class=\"day-number day-30\">30<\/div><\/div><\/td><td class=\"calendar-day-np upcoming\" valign=\"top\"><div class=\"sc_day_div\"><\/div><\/td><td class=\"calendar-day-np upcoming\" valign=\"top\"><div class=\"sc_day_div\"><\/div><\/td><\/tr><\/table>\t\t<\/div>\n\n\t\t\n\t<\/div><!-- end #sc_events_calendar -->\n\t<\/div><\/div><\/div>\t\t\t\t<\/div>\r\n\t\t\t<\/div>\r\n\t\t\n\t\t\t\t<\/div><!-- .dslc-module -->\n\t\t<\/div><\/div><\/div><\/div><input type=\"hidden\" id=\"dslca-post-data-thumb\" value=\"https:\/\/rotaacs.com.br\/ijui\/wp-content\/uploads\/sites\/8\/2023\/05\/ANUNCIO.png\" \/>","protected":false},"excerpt":{"rendered":"<p>Eventos abril 2026 M\u00eas janeiro fevereiro mar\u00e7o abril maio junho julho agosto setembro outubro novembro dezembro Ano 2025 2026 2027 2028 2029 2030 Calend\u00e1rio Sem calend\u00e1rios domingosegunda-feirater\u00e7a-feiraquarta-feiraquinta-feirasexta-feiras\u00e1bado123456789101112131415161718192021222324252627282930<\/p>\n","protected":false},"author":1,"featured_media":380,"parent":0,"menu_order":0,"comment_status":"closed","ping_status":"closed","template":"","meta":{"footnotes":""},"class_list":["post-860","page","type-page","status-publish","has-post-thumbnail","hentry"],"_links":{"self":[{"href":"https:\/\/rotaacs.com.br\/ijui\/wp-json\/wp\/v2\/pages\/860","targetHints":{"allow":["GET"]}}],"collection":[{"href":"https:\/\/rotaacs.com.br\/ijui\/wp-json\/wp\/v2\/pages"}],"about":[{"href":"https:\/\/rotaacs.com.br\/ijui\/wp-json\/wp\/v2\/types\/page"}],"author":[{"embeddable":true,"href":"https:\/\/rotaacs.com.br\/ijui\/wp-json\/wp\/v2\/users\/1"}],"replies":[{"embeddable":true,"href":"https:\/\/rotaacs.com.br\/ijui\/wp-json\/wp\/v2\/comments?post=860"}],"version-history":[{"count":1,"href":"https:\/\/rotaacs.com.br\/ijui\/wp-json\/wp\/v2\/pages\/860\/revisions"}],"predecessor-version":[{"id":861,"href":"https:\/\/rotaacs.com.br\/ijui\/wp-json\/wp\/v2\/pages\/860\/revisions\/861"}],"wp:featuredmedia":[{"embeddable":true,"href":"https:\/\/rotaacs.com.br\/ijui\/wp-json\/wp\/v2\/media\/380"}],"wp:attachment":[{"href":"https:\/\/rotaacs.com.br\/ijui\/wp-json\/wp\/v2\/media?parent=860"}],"curies":[{"name":"wp","href":"https:\/\/api.w.org\/{rel}","templated":true}]}}